{"id":12,"date":"2022-12-09T12:59:17","date_gmt":"2022-12-09T12:59:17","guid":{"rendered":"http:\/\/zplqeal.cluster027.hosting.ovh.net\/?page_id=12"},"modified":"2024-12-10T22:16:56","modified_gmt":"2024-12-10T22:16:56","slug":"strona-glowna","status":"publish","type":"page","link":"https:\/\/jzawiszaradca.pl\/","title":{"rendered":"Kancelaria"},"content":{"rendered":"\n<div class=\"wp-block-cover alignfull is-light hestia-clear-top-padding\"><span aria-hidden=\"true\" class=\"wp-block-cover__background has-white-background-color has-background-dim-100 has-background-dim\"><\/span><div class=\"wp-block-cover__inner-container is-layout-flow wp-block-cover-is-layout-flow\">\n<h2 class=\"has-text-align-center has-text-color wp-block-heading\" style=\"color:#3c4858\">Zakres us\u0142ug<\/h2>\n\n\n\n<h4 class=\"has-text-align-center wp-block-heading\"><strong>Kancelaria reprezentuje Klient\u00f3w w sporach przed s\u0105dami powszechnymi i administracyjnymi. Pomoc prawna \u015bwiadczona jest w postaci kompleksowej obs\u0142ugi prawnej.<\/strong><\/h4>\n\n\n\n<div class=\"wp-block-columns container is-layout-flex wp-container-core-columns-is-layout-9d6595d7 wp-block-columns-is-layout-flex\">\n<div class=\"wp-block-column is-layout-flow wp-block-column-is-layout-flow\">\n<p style=\"text-align: center; color: red; font-size: 70px;\"><i class=\"fa-solid fa-gavel\"><\/i><\/p>\n\n\n\n<h5 class=\"has-text-align-center has-text-color wp-block-heading\" style=\"color:#3c4858;font-size:18px\">Reprezentacja przed s\u0105dami<\/h5>\n\n\n\n<p class=\"has-text-align-center has-text-color\" style=\"color:#999999;font-size:16px\">Porady prawne<br>Negocjacje<br>Prawo rodzinne<br>Odwo\u0142ania od decyzji administracyjnych<br>Pozwy o zap\u0142at\u0119<\/p>\n\n\n\n<div style=\"height:25px\" aria-hidden=\"true\" class=\"wp-block-spacer\"><\/div>\n<\/div>\n\n\n\n<div class=\"wp-block-column is-layout-flow wp-block-column-is-layout-flow\">\n<p style=\"text-align: center; color: blue; font-size: 70px;\"><i class=\"fa-solid fa-scale-balanced\"><\/i><\/p>\n\n\n\n<h5 class=\"has-text-align-center has-text-color wp-block-heading\" style=\"color:#3c4858;font-size:18px\">Doradctwo<\/h5>\n\n\n\n<p class=\"has-text-align-center has-text-color\" style=\"color:#999999;font-size:16px\">Prawo rodzinne<br>Spory cywilne<br>Sprawy pracownicze<br>Dzia\u0142alno\u015b\u0107 gospodarcza<br>Sprawy odszkodowawcze<br>Sprawy karne<\/p>\n\n\n\n<div style=\"height:25px\" aria-hidden=\"true\" class=\"wp-block-spacer\"><\/div>\n<\/div>\n\n\n\n<div class=\"wp-block-column is-layout-flow wp-block-column-is-layout-flow\">\n<p style=\"text-align: center; color: green; font-size: 70px;\"><i class=\"fas fa-tag\"><\/i><\/p>\n\n\n\n<h5 class=\"has-text-align-center has-text-color wp-block-heading\" style=\"color:#3c4858;font-size:18px\">Cennik<\/h5>\n\n\n\n<p class=\"has-text-align-center has-text-color\" style=\"color:#999999;font-size:16px\">Kwota honorarium ustalana jest ka\u017cdorazowo w zale\u017cno\u015bci od stopnia skomplikowania sprawy.<\/p>\n\n\n\n<div style=\"height:25px\" aria-hidden=\"true\" class=\"wp-block-spacer\"><\/div>\n<\/div>\n<\/div>\n\n\n\n<div style=\"height:40px\" aria-hidden=\"true\" class=\"wp-block-spacer\"><\/div>\n<\/div><\/div>\n\n\n\n<div class=\"wp-block-columns container is-layout-flex wp-container-core-columns-is-layout-9d6595d7 wp-block-columns-is-layout-flex\">\n<div class=\"wp-block-column is-layout-flow wp-block-column-is-layout-flow\"><\/div>\n\n\n\n<div class=\"wp-block-column is-layout-flow wp-block-column-is-layout-flow\"><\/div>\n<\/div>\n","protected":false},"excerpt":{"rendered":"","protected":false},"author":1,"featured_media":36,"parent":0,"menu_order":0,"comment_status":"closed","ping_status":"closed","template":"","meta":{"footnotes":""},"class_list":["post-12","page","type-page","status-publish","has-post-thumbnail","hentry"],"yoast_head":"<!-- This site is optimized with the Yoast SEO plugin v24.1 - https:\/\/yoast.com\/wordpress\/plugins\/seo\/ -->\n<title>Kancelaria - Joanna Zawisza - radca prawny<\/title>\n<meta name=\"robots\" content=\"index, follow, max-snippet:-1, max-image-preview:large, max-video-preview:-1\" \/>\n<link rel=\"canonical\" href=\"https:\/\/jzawiszaradca.pl\/\" \/>\n<meta property=\"og:locale\" content=\"pl_PL\" \/>\n<meta property=\"og:type\" content=\"article\" \/>\n<meta property=\"og:title\" content=\"Kancelaria - Joanna Zawisza - radca prawny\" \/>\n<meta property=\"og:url\" content=\"https:\/\/jzawiszaradca.pl\/\" \/>\n<meta property=\"og:site_name\" content=\"Joanna Zawisza - radca prawny\" \/>\n<meta property=\"article:modified_time\" content=\"2024-12-10T22:16:56+00:00\" \/>\n<meta property=\"og:image\" content=\"http:\/\/jzawiszaradca.pl\/wp-content\/uploads\/2022\/12\/book-1945459_1920-1.jpg\" \/>\n\t<meta property=\"og:image:width\" content=\"1920\" \/>\n\t<meta property=\"og:image:height\" content=\"632\" \/>\n\t<meta property=\"og:image:type\" content=\"image\/jpeg\" \/>\n<meta name=\"twitter:card\" content=\"summary_large_image\" \/>\n<meta name=\"twitter:label1\" content=\"Szacowany czas czytania\" \/>\n\t<meta name=\"twitter:data1\" content=\"1 minuta\" \/>\n<script type=\"application\/ld+json\" class=\"yoast-schema-graph\">{\"@context\":\"https:\/\/schema.org\",\"@graph\":[{\"@type\":\"WebPage\",\"@id\":\"https:\/\/jzawiszaradca.pl\/\",\"url\":\"https:\/\/jzawiszaradca.pl\/\",\"name\":\"Kancelaria - Joanna Zawisza - radca prawny\",\"isPartOf\":{\"@id\":\"https:\/\/jzawiszaradca.pl\/#website\"},\"primaryImageOfPage\":{\"@id\":\"https:\/\/jzawiszaradca.pl\/#primaryimage\"},\"image\":{\"@id\":\"https:\/\/jzawiszaradca.pl\/#primaryimage\"},\"thumbnailUrl\":\"https:\/\/jzawiszaradca.pl\/wp-content\/uploads\/2022\/12\/book-1945459_1920-1.jpg\",\"datePublished\":\"2022-12-09T12:59:17+00:00\",\"dateModified\":\"2024-12-10T22:16:56+00:00\",\"breadcrumb\":{\"@id\":\"https:\/\/jzawiszaradca.pl\/#breadcrumb\"},\"inLanguage\":\"pl-PL\",\"potentialAction\":[{\"@type\":\"ReadAction\",\"target\":[\"https:\/\/jzawiszaradca.pl\/\"]}]},{\"@type\":\"ImageObject\",\"inLanguage\":\"pl-PL\",\"@id\":\"https:\/\/jzawiszaradca.pl\/#primaryimage\",\"url\":\"https:\/\/jzawiszaradca.pl\/wp-content\/uploads\/2022\/12\/book-1945459_1920-1.jpg\",\"contentUrl\":\"https:\/\/jzawiszaradca.pl\/wp-content\/uploads\/2022\/12\/book-1945459_1920-1.jpg\",\"width\":1920,\"height\":632},{\"@type\":\"BreadcrumbList\",\"@id\":\"https:\/\/jzawiszaradca.pl\/#breadcrumb\",\"itemListElement\":[{\"@type\":\"ListItem\",\"position\":1,\"name\":\"Strona g\u0142\u00f3wna\",\"item\":\"https:\/\/jzawiszaradca.pl\/\"},{\"@type\":\"ListItem\",\"position\":2,\"name\":\"Kancelaria\"}]},{\"@type\":\"WebSite\",\"@id\":\"https:\/\/jzawiszaradca.pl\/#website\",\"url\":\"https:\/\/jzawiszaradca.pl\/\",\"name\":\"Joanna Zawisza - radca prawny\",\"description\":\"Strona Kancelarii Radcy Prawnego - Joanna Zawisza\",\"publisher\":{\"@id\":\"https:\/\/jzawiszaradca.pl\/#organization\"},\"potentialAction\":[{\"@type\":\"SearchAction\",\"target\":{\"@type\":\"EntryPoint\",\"urlTemplate\":\"https:\/\/jzawiszaradca.pl\/?s={search_term_string}\"},\"query-input\":{\"@type\":\"PropertyValueSpecification\",\"valueRequired\":true,\"valueName\":\"search_term_string\"}}],\"inLanguage\":\"pl-PL\"},{\"@type\":\"Organization\",\"@id\":\"https:\/\/jzawiszaradca.pl\/#organization\",\"name\":\"Joanna Zawisza - radca prawny\",\"url\":\"https:\/\/jzawiszaradca.pl\/\",\"logo\":{\"@type\":\"ImageObject\",\"inLanguage\":\"pl-PL\",\"@id\":\"https:\/\/jzawiszaradca.pl\/#\/schema\/logo\/image\/\",\"url\":\"https:\/\/jzawiszaradca.pl\/wp-content\/uploads\/2022\/12\/Site_icon.png\",\"contentUrl\":\"https:\/\/jzawiszaradca.pl\/wp-content\/uploads\/2022\/12\/Site_icon.png\",\"width\":514,\"height\":514,\"caption\":\"Joanna Zawisza - radca prawny\"},\"image\":{\"@id\":\"https:\/\/jzawiszaradca.pl\/#\/schema\/logo\/image\/\"}}]}<\/script>\n<!-- \/ Yoast SEO plugin. -->","yoast_head_json":{"title":"Kancelaria - Joanna Zawisza - radca prawny","robots":{"index":"index","follow":"follow","max-snippet":"max-snippet:-1","max-image-preview":"max-image-preview:large","max-video-preview":"max-video-preview:-1"},"canonical":"https:\/\/jzawiszaradca.pl\/","og_locale":"pl_PL","og_type":"article","og_title":"Kancelaria - Joanna Zawisza - radca prawny","og_url":"https:\/\/jzawiszaradca.pl\/","og_site_name":"Joanna Zawisza - radca prawny","article_modified_time":"2024-12-10T22:16:56+00:00","og_image":[{"width":1920,"height":632,"url":"http:\/\/jzawiszaradca.pl\/wp-content\/uploads\/2022\/12\/book-1945459_1920-1.jpg","type":"image\/jpeg"}],"twitter_card":"summary_large_image","twitter_misc":{"Szacowany czas czytania":"1 minuta"},"schema":{"@context":"https:\/\/schema.org","@graph":[{"@type":"WebPage","@id":"https:\/\/jzawiszaradca.pl\/","url":"https:\/\/jzawiszaradca.pl\/","name":"Kancelaria - Joanna Zawisza - radca prawny","isPartOf":{"@id":"https:\/\/jzawiszaradca.pl\/#website"},"primaryImageOfPage":{"@id":"https:\/\/jzawiszaradca.pl\/#primaryimage"},"image":{"@id":"https:\/\/jzawiszaradca.pl\/#primaryimage"},"thumbnailUrl":"https:\/\/jzawiszaradca.pl\/wp-content\/uploads\/2022\/12\/book-1945459_1920-1.jpg","datePublished":"2022-12-09T12:59:17+00:00","dateModified":"2024-12-10T22:16:56+00:00","breadcrumb":{"@id":"https:\/\/jzawiszaradca.pl\/#breadcrumb"},"inLanguage":"pl-PL","potentialAction":[{"@type":"ReadAction","target":["https:\/\/jzawiszaradca.pl\/"]}]},{"@type":"ImageObject","inLanguage":"pl-PL","@id":"https:\/\/jzawiszaradca.pl\/#primaryimage","url":"https:\/\/jzawiszaradca.pl\/wp-content\/uploads\/2022\/12\/book-1945459_1920-1.jpg","contentUrl":"https:\/\/jzawiszaradca.pl\/wp-content\/uploads\/2022\/12\/book-1945459_1920-1.jpg","width":1920,"height":632},{"@type":"BreadcrumbList","@id":"https:\/\/jzawiszaradca.pl\/#breadcrumb","itemListElement":[{"@type":"ListItem","position":1,"name":"Strona g\u0142\u00f3wna","item":"https:\/\/jzawiszaradca.pl\/"},{"@type":"ListItem","position":2,"name":"Kancelaria"}]},{"@type":"WebSite","@id":"https:\/\/jzawiszaradca.pl\/#website","url":"https:\/\/jzawiszaradca.pl\/","name":"Joanna Zawisza - radca prawny","description":"Strona Kancelarii Radcy Prawnego - Joanna Zawisza","publisher":{"@id":"https:\/\/jzawiszaradca.pl\/#organization"},"potentialAction":[{"@type":"SearchAction","target":{"@type":"EntryPoint","urlTemplate":"https:\/\/jzawiszaradca.pl\/?s={search_term_string}"},"query-input":{"@type":"PropertyValueSpecification","valueRequired":true,"valueName":"search_term_string"}}],"inLanguage":"pl-PL"},{"@type":"Organization","@id":"https:\/\/jzawiszaradca.pl\/#organization","name":"Joanna Zawisza - radca prawny","url":"https:\/\/jzawiszaradca.pl\/","logo":{"@type":"ImageObject","inLanguage":"pl-PL","@id":"https:\/\/jzawiszaradca.pl\/#\/schema\/logo\/image\/","url":"https:\/\/jzawiszaradca.pl\/wp-content\/uploads\/2022\/12\/Site_icon.png","contentUrl":"https:\/\/jzawiszaradca.pl\/wp-content\/uploads\/2022\/12\/Site_icon.png","width":514,"height":514,"caption":"Joanna Zawisza - radca prawny"},"image":{"@id":"https:\/\/jzawiszaradca.pl\/#\/schema\/logo\/image\/"}}]}},"_links":{"self":[{"href":"https:\/\/jzawiszaradca.pl\/index.php?rest_route=\/wp\/v2\/pages\/12","targetHints":{"allow":["GET"]}}],"collection":[{"href":"https:\/\/jzawiszaradca.pl\/index.php?rest_route=\/wp\/v2\/pages"}],"about":[{"href":"https:\/\/jzawiszaradca.pl\/index.php?rest_route=\/wp\/v2\/types\/page"}],"author":[{"embeddable":true,"href":"https:\/\/jzawiszaradca.pl\/index.php?rest_route=\/wp\/v2\/users\/1"}],"replies":[{"embeddable":true,"href":"https:\/\/jzawiszaradca.pl\/index.php?rest_route=%2Fwp%2Fv2%2Fcomments&post=12"}],"version-history":[{"count":7,"href":"https:\/\/jzawiszaradca.pl\/index.php?rest_route=\/wp\/v2\/pages\/12\/revisions"}],"predecessor-version":[{"id":63,"href":"https:\/\/jzawiszaradca.pl\/index.php?rest_route=\/wp\/v2\/pages\/12\/revisions\/63"}],"wp:featuredmedia":[{"embeddable":true,"href":"https:\/\/jzawiszaradca.pl\/index.php?rest_route=\/wp\/v2\/media\/36"}],"wp:attachment":[{"href":"https:\/\/jzawiszaradca.pl\/index.php?rest_route=%2Fwp%2Fv2%2Fmedia&parent=12"}],"curies":[{"name":"wp","href":"https:\/\/api.w.org\/{rel}","templated":true}]}}