{"id":13,"date":"2022-12-09T12:59:17","date_gmt":"2022-12-09T12:59:17","guid":{"rendered":"http:\/\/zplqeal.cluster027.hosting.ovh.net\/?page_id=13"},"modified":"2024-12-10T22:18:23","modified_gmt":"2024-12-10T22:18:23","slug":"kontakt","status":"publish","type":"page","link":"https:\/\/jzawiszaradca.pl\/?page_id=13","title":{"rendered":"Kontakt"},"content":{"rendered":"\n<div class=\"wp-block-columns alignfull is-layout-flex wp-container-core-columns-is-layout-9d6595d7 wp-block-columns-is-layout-flex\">\n<div class=\"wp-block-column is-layout-flow wp-block-column-is-layout-flow\" style=\"flex-basis:50%\"><\/div>\n<\/div>\n\n\n\n<div class=\"wp-block-columns container is-layout-flex wp-container-core-columns-is-layout-9d6595d7 wp-block-columns-is-layout-flex\">\n<div class=\"wp-block-column is-vertically-aligned-center is-layout-flow wp-block-column-is-layout-flow\">\n<div class=\"wp-block-columns is-layout-flex wp-container-core-columns-is-layout-9d6595d7 wp-block-columns-is-layout-flex\">\n<div class=\"wp-block-column is-layout-flow wp-block-column-is-layout-flow\">\n<h2 class=\"wp-block-heading\">Pozosta\u0144my w kontakcie<\/h2>\n<\/div>\n\n\n\n<div class=\"wp-block-column is-layout-flow wp-block-column-is-layout-flow\"><\/div>\n<\/div>\n\n\n<div class=\"wpforms-container wpforms-container-full wpforms-block wpforms-block-7f9e1d4e-b895-4964-aff2-25eef8164808\" id=\"wpforms-46\"><form id=\"wpforms-form-46\" class=\"wpforms-validate wpforms-form\" data-formid=\"46\" method=\"post\" enctype=\"multipart\/form-data\" action=\"\/index.php?rest_route=%2Fwp%2Fv2%2Fpages%2F13\" data-token=\"559deb896403d520a96b7baca273b882\" data-token-time=\"1776661362\"><noscript class=\"wpforms-error-noscript\">Aby wype\u0142ni\u0107 ten formularz, w\u0142\u0105cz obs\u0142ug\u0119 JavaScript w przegl\u0105darce.<\/noscript><div class=\"wpforms-field-container\"><div id=\"wpforms-46-field_0-container\" class=\"wpforms-field wpforms-field-name wpforms-one-half wpforms-first\" data-field-id=\"0\"><label class=\"wpforms-field-label wpforms-label-hide\" for=\"wpforms-46-field_0\">Imi\u0119 <span class=\"wpforms-required-label\">*<\/span><\/label><input type=\"text\" id=\"wpforms-46-field_0\" class=\"wpforms-field-large wpforms-field-required\" name=\"wpforms[fields][0]\" required><div class=\"wpforms-field-description\">Imi\u0119<\/div><\/div><div id=\"wpforms-46-field_3-container\" class=\"wpforms-field wpforms-field-email wpforms-one-half\" data-field-id=\"3\"><label class=\"wpforms-field-label wpforms-label-hide\" for=\"wpforms-46-field_3\">Email <span class=\"wpforms-required-label\">*<\/span><\/label><input type=\"email\" id=\"wpforms-46-field_3\" class=\"wpforms-field-large wpforms-field-required\" name=\"wpforms[fields][3]\" spellcheck=\"false\" required><div class=\"wpforms-field-description\">Email<\/div><\/div><div id=\"wpforms-46-field_2-container\" class=\"wpforms-field wpforms-field-textarea\" data-field-id=\"2\"><label class=\"wpforms-field-label wpforms-label-hide\" for=\"wpforms-46-field_2\">Wiadomo\u015b\u0107 <span class=\"wpforms-required-label\">*<\/span><\/label><textarea id=\"wpforms-46-field_2\" class=\"wpforms-field-medium wpforms-field-required\" name=\"wpforms[fields][2]\" required><\/textarea><div class=\"wpforms-field-description\">Wiadomo\u015b\u0107<\/div><\/div><\/div><!-- .wpforms-field-container --><div class=\"wpforms-recaptcha-container wpforms-is-recaptcha wpforms-is-recaptcha-type-v2\" ><div class=\"g-recaptcha\" data-sitekey=\"6LcEK4UhAAAAAF_eDH4iS6tyOheDSbozR7u92WAQ\"><\/div><input type=\"text\" name=\"g-recaptcha-hidden\" class=\"wpforms-recaptcha-hidden\" style=\"position:absolute!important;clip:rect(0,0,0,0)!important;height:1px!important;width:1px!important;border:0!important;overflow:hidden!important;padding:0!important;margin:0!important;\" data-rule-recaptcha=\"1\"><\/div><div class=\"wpforms-submit-container\" ><input type=\"hidden\" name=\"wpforms[id]\" value=\"46\"><input type=\"hidden\" name=\"page_title\" value=\"\"><input type=\"hidden\" name=\"page_url\" value=\"https:\/\/jzawiszaradca.pl\/index.php?rest_route=%2Fwp%2Fv2%2Fpages%2F13\"><button type=\"submit\" name=\"wpforms[submit]\" id=\"wpforms-submit-46\" class=\"wpforms-submit\" data-alt-text=\"Wysy\u0142anie\" data-submit-text=\"Wy\u015blij\" aria-live=\"assertive\" value=\"wpforms-submit\">Wy\u015blij<\/button><\/div><\/form><\/div>  <!-- .wpforms-container --><\/div>\n<\/div>\n\n\n\n<p><\/p>\n","protected":false},"excerpt":{"rendered":"<p>Pozosta\u0144my w kontakcie<\/p>\n","protected":false},"author":1,"featured_media":39,"parent":0,"menu_order":0,"comment_status":"closed","ping_status":"closed","template":"page-templates\/template-pagebuilder-full-width.php","meta":{"footnotes":""},"class_list":["post-13","page","type-page","status-publish","has-post-thumbnail","hentry"],"yoast_head":"<!-- This site is optimized with the Yoast SEO plugin v24.1 - https:\/\/yoast.com\/wordpress\/plugins\/seo\/ -->\n<title>Kontakt - Joanna Zawisza - radca prawny<\/title>\n<meta name=\"robots\" content=\"index, follow, max-snippet:-1, max-image-preview:large, max-video-preview:-1\" \/>\n<link rel=\"canonical\" href=\"https:\/\/jzawiszaradca.pl\/?page_id=13\" \/>\n<meta property=\"og:locale\" content=\"pl_PL\" \/>\n<meta property=\"og:type\" content=\"article\" \/>\n<meta property=\"og:title\" content=\"Kontakt - Joanna Zawisza - radca prawny\" \/>\n<meta property=\"og:description\" content=\"Pozosta\u0144my w kontakcie\" \/>\n<meta property=\"og:url\" content=\"https:\/\/jzawiszaradca.pl\/?page_id=13\" \/>\n<meta property=\"og:site_name\" content=\"Joanna Zawisza - radca prawny\" \/>\n<meta property=\"article:modified_time\" content=\"2024-12-10T22:18:23+00:00\" \/>\n<meta property=\"og:image\" content=\"http:\/\/jzawiszaradca.pl\/wp-content\/uploads\/2022\/12\/diary_crp.jpg\" \/>\n\t<meta property=\"og:image:width\" content=\"1313\" \/>\n\t<meta property=\"og:image:height\" content=\"1204\" \/>\n\t<meta property=\"og:image:type\" content=\"image\/jpeg\" \/>\n<meta name=\"twitter:card\" content=\"summary_large_image\" \/>\n<meta name=\"twitter:label1\" content=\"Szacowany czas czytania\" \/>\n\t<meta name=\"twitter:data1\" content=\"1 minuta\" \/>\n<script type=\"application\/ld+json\" class=\"yoast-schema-graph\">{\"@context\":\"https:\/\/schema.org\",\"@graph\":[{\"@type\":\"WebPage\",\"@id\":\"https:\/\/jzawiszaradca.pl\/?page_id=13\",\"url\":\"https:\/\/jzawiszaradca.pl\/?page_id=13\",\"name\":\"Kontakt - Joanna Zawisza - radca prawny\",\"isPartOf\":{\"@id\":\"https:\/\/jzawiszaradca.pl\/#website\"},\"primaryImageOfPage\":{\"@id\":\"https:\/\/jzawiszaradca.pl\/?page_id=13#primaryimage\"},\"image\":{\"@id\":\"https:\/\/jzawiszaradca.pl\/?page_id=13#primaryimage\"},\"thumbnailUrl\":\"https:\/\/jzawiszaradca.pl\/wp-content\/uploads\/2022\/12\/diary_crp.jpg\",\"datePublished\":\"2022-12-09T12:59:17+00:00\",\"dateModified\":\"2024-12-10T22:18:23+00:00\",\"breadcrumb\":{\"@id\":\"https:\/\/jzawiszaradca.pl\/?page_id=13#breadcrumb\"},\"inLanguage\":\"pl-PL\",\"potentialAction\":[{\"@type\":\"ReadAction\",\"target\":[\"https:\/\/jzawiszaradca.pl\/?page_id=13\"]}]},{\"@type\":\"ImageObject\",\"inLanguage\":\"pl-PL\",\"@id\":\"https:\/\/jzawiszaradca.pl\/?page_id=13#primaryimage\",\"url\":\"https:\/\/jzawiszaradca.pl\/wp-content\/uploads\/2022\/12\/diary_crp.jpg\",\"contentUrl\":\"https:\/\/jzawiszaradca.pl\/wp-content\/uploads\/2022\/12\/diary_crp.jpg\",\"width\":1313,\"height\":1204},{\"@type\":\"BreadcrumbList\",\"@id\":\"https:\/\/jzawiszaradca.pl\/?page_id=13#breadcrumb\",\"itemListElement\":[{\"@type\":\"ListItem\",\"position\":1,\"name\":\"Strona g\u0142\u00f3wna\",\"item\":\"https:\/\/jzawiszaradca.pl\/\"},{\"@type\":\"ListItem\",\"position\":2,\"name\":\"Kontakt\"}]},{\"@type\":\"WebSite\",\"@id\":\"https:\/\/jzawiszaradca.pl\/#website\",\"url\":\"https:\/\/jzawiszaradca.pl\/\",\"name\":\"Joanna Zawisza - radca prawny\",\"description\":\"Strona Kancelarii Radcy Prawnego - Joanna Zawisza\",\"publisher\":{\"@id\":\"https:\/\/jzawiszaradca.pl\/#organization\"},\"potentialAction\":[{\"@type\":\"SearchAction\",\"target\":{\"@type\":\"EntryPoint\",\"urlTemplate\":\"https:\/\/jzawiszaradca.pl\/?s={search_term_string}\"},\"query-input\":{\"@type\":\"PropertyValueSpecification\",\"valueRequired\":true,\"valueName\":\"search_term_string\"}}],\"inLanguage\":\"pl-PL\"},{\"@type\":\"Organization\",\"@id\":\"https:\/\/jzawiszaradca.pl\/#organization\",\"name\":\"Joanna Zawisza - radca prawny\",\"url\":\"https:\/\/jzawiszaradca.pl\/\",\"logo\":{\"@type\":\"ImageObject\",\"inLanguage\":\"pl-PL\",\"@id\":\"https:\/\/jzawiszaradca.pl\/#\/schema\/logo\/image\/\",\"url\":\"https:\/\/jzawiszaradca.pl\/wp-content\/uploads\/2022\/12\/Site_icon.png\",\"contentUrl\":\"https:\/\/jzawiszaradca.pl\/wp-content\/uploads\/2022\/12\/Site_icon.png\",\"width\":514,\"height\":514,\"caption\":\"Joanna Zawisza - radca prawny\"},\"image\":{\"@id\":\"https:\/\/jzawiszaradca.pl\/#\/schema\/logo\/image\/\"}}]}<\/script>\n<!-- \/ Yoast SEO plugin. -->","yoast_head_json":{"title":"Kontakt - Joanna Zawisza - radca prawny","robots":{"index":"index","follow":"follow","max-snippet":"max-snippet:-1","max-image-preview":"max-image-preview:large","max-video-preview":"max-video-preview:-1"},"canonical":"https:\/\/jzawiszaradca.pl\/?page_id=13","og_locale":"pl_PL","og_type":"article","og_title":"Kontakt - Joanna Zawisza - radca prawny","og_description":"Pozosta\u0144my w kontakcie","og_url":"https:\/\/jzawiszaradca.pl\/?page_id=13","og_site_name":"Joanna Zawisza - radca prawny","article_modified_time":"2024-12-10T22:18:23+00:00","og_image":[{"width":1313,"height":1204,"url":"http:\/\/jzawiszaradca.pl\/wp-content\/uploads\/2022\/12\/diary_crp.jpg","type":"image\/jpeg"}],"twitter_card":"summary_large_image","twitter_misc":{"Szacowany czas czytania":"1 minuta"},"schema":{"@context":"https:\/\/schema.org","@graph":[{"@type":"WebPage","@id":"https:\/\/jzawiszaradca.pl\/?page_id=13","url":"https:\/\/jzawiszaradca.pl\/?page_id=13","name":"Kontakt - Joanna Zawisza - radca prawny","isPartOf":{"@id":"https:\/\/jzawiszaradca.pl\/#website"},"primaryImageOfPage":{"@id":"https:\/\/jzawiszaradca.pl\/?page_id=13#primaryimage"},"image":{"@id":"https:\/\/jzawiszaradca.pl\/?page_id=13#primaryimage"},"thumbnailUrl":"https:\/\/jzawiszaradca.pl\/wp-content\/uploads\/2022\/12\/diary_crp.jpg","datePublished":"2022-12-09T12:59:17+00:00","dateModified":"2024-12-10T22:18:23+00:00","breadcrumb":{"@id":"https:\/\/jzawiszaradca.pl\/?page_id=13#breadcrumb"},"inLanguage":"pl-PL","potentialAction":[{"@type":"ReadAction","target":["https:\/\/jzawiszaradca.pl\/?page_id=13"]}]},{"@type":"ImageObject","inLanguage":"pl-PL","@id":"https:\/\/jzawiszaradca.pl\/?page_id=13#primaryimage","url":"https:\/\/jzawiszaradca.pl\/wp-content\/uploads\/2022\/12\/diary_crp.jpg","contentUrl":"https:\/\/jzawiszaradca.pl\/wp-content\/uploads\/2022\/12\/diary_crp.jpg","width":1313,"height":1204},{"@type":"BreadcrumbList","@id":"https:\/\/jzawiszaradca.pl\/?page_id=13#breadcrumb","itemListElement":[{"@type":"ListItem","position":1,"name":"Strona g\u0142\u00f3wna","item":"https:\/\/jzawiszaradca.pl\/"},{"@type":"ListItem","position":2,"name":"Kontakt"}]},{"@type":"WebSite","@id":"https:\/\/jzawiszaradca.pl\/#website","url":"https:\/\/jzawiszaradca.pl\/","name":"Joanna Zawisza - radca prawny","description":"Strona Kancelarii Radcy Prawnego - Joanna Zawisza","publisher":{"@id":"https:\/\/jzawiszaradca.pl\/#organization"},"potentialAction":[{"@type":"SearchAction","target":{"@type":"EntryPoint","urlTemplate":"https:\/\/jzawiszaradca.pl\/?s={search_term_string}"},"query-input":{"@type":"PropertyValueSpecification","valueRequired":true,"valueName":"search_term_string"}}],"inLanguage":"pl-PL"},{"@type":"Organization","@id":"https:\/\/jzawiszaradca.pl\/#organization","name":"Joanna Zawisza - radca prawny","url":"https:\/\/jzawiszaradca.pl\/","logo":{"@type":"ImageObject","inLanguage":"pl-PL","@id":"https:\/\/jzawiszaradca.pl\/#\/schema\/logo\/image\/","url":"https:\/\/jzawiszaradca.pl\/wp-content\/uploads\/2022\/12\/Site_icon.png","contentUrl":"https:\/\/jzawiszaradca.pl\/wp-content\/uploads\/2022\/12\/Site_icon.png","width":514,"height":514,"caption":"Joanna Zawisza - radca prawny"},"image":{"@id":"https:\/\/jzawiszaradca.pl\/#\/schema\/logo\/image\/"}}]}},"_links":{"self":[{"href":"https:\/\/jzawiszaradca.pl\/index.php?rest_route=\/wp\/v2\/pages\/13","targetHints":{"allow":["GET"]}}],"collection":[{"href":"https:\/\/jzawiszaradca.pl\/index.php?rest_route=\/wp\/v2\/pages"}],"about":[{"href":"https:\/\/jzawiszaradca.pl\/index.php?rest_route=\/wp\/v2\/types\/page"}],"author":[{"embeddable":true,"href":"https:\/\/jzawiszaradca.pl\/index.php?rest_route=\/wp\/v2\/users\/1"}],"replies":[{"embeddable":true,"href":"https:\/\/jzawiszaradca.pl\/index.php?rest_route=%2Fwp%2Fv2%2Fcomments&post=13"}],"version-history":[{"count":6,"href":"https:\/\/jzawiszaradca.pl\/index.php?rest_route=\/wp\/v2\/pages\/13\/revisions"}],"predecessor-version":[{"id":123,"href":"https:\/\/jzawiszaradca.pl\/index.php?rest_route=\/wp\/v2\/pages\/13\/revisions\/123"}],"wp:featuredmedia":[{"embeddable":true,"href":"https:\/\/jzawiszaradca.pl\/index.php?rest_route=\/wp\/v2\/media\/39"}],"wp:attachment":[{"href":"https:\/\/jzawiszaradca.pl\/index.php?rest_route=%2Fwp%2Fv2%2Fmedia&parent=13"}],"curies":[{"name":"wp","href":"https:\/\/api.w.org\/{rel}","templated":true}]}}